{"id":1767,"date":"2017-03-20T14:24:04","date_gmt":"2017-03-20T13:24:04","guid":{"rendered":"http:\/\/educa-t.hr\/?page_id=1767&#038;lang=en"},"modified":"2019-12-04T10:04:43","modified_gmt":"2019-12-04T09:04:43","slug":"basic-information-about-the-project","status":"publish","type":"page","link":"https:\/\/educa-t.hr\/en\/about-the-project\/basic-information-about-the-project\/","title":{"rendered":"Basic information about the project"},"content":{"rendered":"<p>[vc_row][vc_column][vc_custom_heading text=&#8221;Project Title in Croatian:&#8221; font_container=&#8221;tag:h5|text_align:left&#8221; use_theme_fonts=&#8221;yes&#8221;][vc_column_text css=&#8221;.vc_custom_1575450179996{padding-right: 20px !important;}&#8221;]Razvijanje i unaprje\u0111ivanje kompetencija za pou\u010davanje na visokim u\u010dili\u0161tima[\/vc_column_text][vc_custom_heading text=&#8221;Project title in English:&#8221; font_container=&#8221;tag:h5|text_align:left&#8221; use_theme_fonts=&#8221;yes&#8221;][vc_column_text css=&#8221;.vc_custom_1486988545763{padding-right: 20px !important;}&#8221;]Emphasis on developing and upgrading of competences for academic teaching[\/vc_column_text][vc_custom_heading text=&#8221;Short Title of Project:&#8221; font_container=&#8221;tag:h5|text_align:left&#8221; use_theme_fonts=&#8221;yes&#8221;][vc_column_text css=&#8221;.vc_custom_1490015293778{padding-right: 20px !important;}&#8221;]<\/p>\n<p style=\"font-size: 12px;\">(derived from the English name of the project:\u00a0<strong>E<\/strong>mphasis on <strong>D<\/strong>eveloping and <strong>U<\/strong>pgrading of <strong>C<\/strong>ompetences for <strong>A<\/strong>cademic <strong>T<\/strong>eaching)<\/p>\n<p>Educa-T[\/vc_column_text][vc_custom_heading text=&#8221;Coordinator:&#8221; font_container=&#8221;tag:h5|text_align:left&#8221; use_theme_fonts=&#8221;yes&#8221;][vc_column_text css=&#8221;.vc_custom_1491400299286{padding-right: 20px !important;}&#8221;]Ministry of Science and Education of the Republic of Croatia[\/vc_column_text][vc_custom_heading text=&#8221;Project duration:&#8221; font_container=&#8221;tag:h5|text_align:left&#8221; use_theme_fonts=&#8221;yes&#8221;][vc_column_text css=&#8221;.vc_custom_1575450277615{padding-right: 20px !important;}&#8221;]15\/6\/2016-14\/6\/2018[\/vc_column_text][vc_custom_heading text=&#8221;Key action:&#8221; font_container=&#8221;tag:h5|text_align:left&#8221; use_theme_fonts=&#8221;yes&#8221;][vc_column_text css=&#8221;.vc_custom_1491400410878{padding-right: 20px !important;}&#8221;]3\/KA3\/ &#8211; Support to the implementation of EHEA reforms[\/vc_column_text][vc_custom_heading text=&#8221;The total amount of the project budget:&#8221; font_container=&#8221;tag:h5|text_align:left&#8221; use_theme_fonts=&#8221;yes&#8221;][vc_column_text css=&#8221;.vc_custom_1575450160799{padding-right: 20px !important;}&#8221;]\u20ac 194.414,75[\/vc_column_text][\/vc_column][\/vc_row]<\/p>\n","protected":false},"excerpt":{"rendered":"<p>[vc_row][vc_column][vc_custom_heading text=&#8221;Project Title in Croatian:&#8221; font_container=&#8221;tag:h5|text_align:left&#8221; use_theme_fonts=&#8221;yes&#8221;][vc_column_text css=&#8221;.vc_custom_1575450179996{padding-right: 20px !important;}&#8221;]Razvijanje i unaprje\u0111ivanje kompetencija za pou\u010davanje na visokim u\u010dili\u0161tima[\/vc_column_text][vc_custom_heading text=&#8221;Project title in English:&#8221; font_container=&#8221;tag:h5|text_align:left&#8221; use_theme_fonts=&#8221;yes&#8221;][vc_column_text css=&#8221;.vc_custom_1486988545763{padding-right: 20px !important;}&#8221;]Emphasis on developing and upgrading of competences for academic teaching[\/vc_column_text][vc_custom_heading text=&#8221;Short Title of Project:&#8221; font_container=&#8221;tag:h5|text_align:left&#8221; use_theme_fonts=&#8221;yes&#8221;][vc_column_text css=&#8221;.vc_custom_1490015293778{padding-right: 20px !important;}&#8221;] (derived from the English name of the project:\u00a0Emphasis on Developing and Upgrading of Competences for&nbsp;<a href=\"https:\/\/educa-t.hr\/en\/about-the-project\/basic-information-about-the-project\/\">[&hellip;]<\/a><\/p>\n","protected":false},"author":1,"featured_media":0,"parent":1758,"menu_order":0,"comment_status":"closed","ping_status":"closed","template":"template-sidebar-left-childpages.php","meta":[],"_links":{"self":[{"href":"https:\/\/educa-t.hr\/en\/wp-json\/wp\/v2\/pages\/1767"}],"collection":[{"href":"https:\/\/educa-t.hr\/en\/wp-json\/wp\/v2\/pages"}],"about":[{"href":"https:\/\/educa-t.hr\/en\/wp-json\/wp\/v2\/types\/page"}],"author":[{"embeddable":true,"href":"https:\/\/educa-t.hr\/en\/wp-json\/wp\/v2\/users\/1"}],"replies":[{"embeddable":true,"href":"https:\/\/educa-t.hr\/en\/wp-json\/wp\/v2\/comments?post=1767"}],"version-history":[{"count":6,"href":"https:\/\/educa-t.hr\/en\/wp-json\/wp\/v2\/pages\/1767\/revisions"}],"predecessor-version":[{"id":3304,"href":"https:\/\/educa-t.hr\/en\/wp-json\/wp\/v2\/pages\/1767\/revisions\/3304"}],"up":[{"embeddable":true,"href":"https:\/\/educa-t.hr\/en\/wp-json\/wp\/v2\/pages\/1758"}],"wp:attachment":[{"href":"https:\/\/educa-t.hr\/en\/wp-json\/wp\/v2\/media?parent=1767"}],"curies":[{"name":"wp","href":"https:\/\/api.w.org\/{rel}","templated":true}]}}